{"id":2,"date":"2023-03-21T16:38:47","date_gmt":"2023-03-21T19:38:47","guid":{"rendered":"http:\/\/geoassist.com.ar\/?page_id=2"},"modified":"2024-05-02T12:34:13","modified_gmt":"2024-05-02T15:34:13","slug":"gestion-residuos-peligrosos","status":"publish","type":"page","link":"https:\/\/geoassist.com.ar\/index.php\/servicios\/gestion-residuos-peligrosos\/","title":{"rendered":"Gesti\u00f3n de Residuos Peligrosos"},"content":{"rendered":"\n<div class=\"wp-block-uagb-container uagb-block-76b30cf9 alignfull uagb-is-root-container\">\n<div class=\"wp-block-uagb-advanced-heading uagb-block-c328d993\"><h2 class=\"uagb-heading-text\">Gesti\u00f3n de Residuos Peligrosos<\/h2><\/div>\n<\/div>\n\n\n\n<div class=\"wp-block-uagb-container uagb-block-efe3dbe3 alignfull uagb-is-root-container\"><div class=\"uagb-container-inner-blocks-wrap\">\n<div class=\"wp-block-uagb-container uagb-block-8d5328e4\">\n<div class=\"wp-block-uagb-advanced-heading uagb-block-72798614\"><h3 class=\"uagb-heading-text\">Acerca de <\/h3><\/div>\n\n\n\n<div class=\"wp-block-uagb-info-box uagb-block-3fd476a6 uagb-infobox__content-wrap  uagb-infobox-icon-above-title uagb-infobox-image-valign-top\"><div class=\"uagb-ifb-content\"><div class=\"uagb-ifb-title-wrap\"><h2 class=\"uagb-ifb-title\">GESTI\u00d3N INTEGRAL DE RESIDUOS PELIGROSOS.<\/h2><\/div><p class=\"uagb-ifb-desc\"><br>Ofrecemos servicios de gestion integral de los residuos peligrosos industriales para la descontaminaci\u00f3n, almacenamiento, transporte y disposici\u00f3n final de distintos puntos de generaci\u00f3n. Contamos con el equipamiento para dar soluciones ambientales.<br><br>Asesoramos a nuestros clientes en el saneamiento ambiental entorno a sus actividades. Realizamos una propuesta t\u00e9cnica integral cuidando el medio ambiente y la salud del personal, cumpliendo con<br>las normativas vigentes.<br><\/p><\/div><\/div>\n<\/div>\n\n\n\n<div class=\"wp-block-uagb-container uagb-block-4ce582ad\">\n<div class=\"wp-block-uagb-info-box uagb-block-b0e2011e uagb-infobox__content-wrap  uagb-infobox-icon-left uagb-infobox-left uagb-infobox-image-valign-top\"><div class=\"uagb-ifb-icon-wrap\"><div class=\"uagb-iconbox-icon-wrap uagb-infobox-shape-circle\"><svg xmlns=\"https:\/\/www.w3.org\/2000\/svg\" viewBox=\"0 0 448 512\"><path d=\"M438.6 278.6l-160 160C272.4 444.9 264.2 448 256 448s-16.38-3.125-22.62-9.375c-12.5-12.5-12.5-32.75 0-45.25L338.8 288H32C14.33 288 .0016 273.7 .0016 256S14.33 224 32 224h306.8l-105.4-105.4c-12.5-12.5-12.5-32.75 0-45.25s32.75-12.5 45.25 0l160 160C451.1 245.9 451.1 266.1 438.6 278.6z\"><\/path><\/svg><\/div><\/div><div class=\"uagb-ifb-content\"><div class=\"uagb-ifb-title-wrap\"><h3 class=\"uagb-ifb-title\">Desagote de residuos peligrosos<\/h3><\/div><p class=\"uagb-ifb-desc\">Desagote de pozos ciegos, c\u00e1maras s\u00e9pticas, decantadoras y de achique, c\u00e1maras de achique en subsuelos de edificios, sectores anegados de l\u00edquidos.<\/p><\/div><\/div>\n\n\n\n<div class=\"wp-block-uagb-info-box uagb-block-c63ba93d uagb-infobox__content-wrap  uagb-infobox-icon-left uagb-infobox-left uagb-infobox-image-valign-top\"><div class=\"uagb-ifb-icon-wrap\"><div class=\"uagb-iconbox-icon-wrap uagb-infobox-shape-circle\"><svg xmlns=\"https:\/\/www.w3.org\/2000\/svg\" viewBox=\"0 0 448 512\"><path d=\"M438.6 278.6l-160 160C272.4 444.9 264.2 448 256 448s-16.38-3.125-22.62-9.375c-12.5-12.5-12.5-32.75 0-45.25L338.8 288H32C14.33 288 .0016 273.7 .0016 256S14.33 224 32 224h306.8l-105.4-105.4c-12.5-12.5-12.5-32.75 0-45.25s32.75-12.5 45.25 0l160 160C451.1 245.9 451.1 266.1 438.6 278.6z\"><\/path><\/svg><\/div><\/div><div class=\"uagb-ifb-content\"><div class=\"uagb-ifb-title-wrap\"><h3 class=\"uagb-ifb-title\">RAEE<\/h3><\/div><p class=\"uagb-ifb-desc\">Materiales met\u00e1licos, ferrosos y no ferrosos, desechos electr\u00f3nicos, pilas, bater\u00edas, gomas, caucho, toners y lamparas al\u00f3genas.<\/p><\/div><\/div>\n\n\n\n<div class=\"wp-block-uagb-info-box uagb-block-aae32a8a uagb-infobox__content-wrap  uagb-infobox-icon-left uagb-infobox-left uagb-infobox-image-valign-top\"><div class=\"uagb-ifb-icon-wrap\"><div class=\"uagb-iconbox-icon-wrap uagb-infobox-shape-circle\"><svg xmlns=\"https:\/\/www.w3.org\/2000\/svg\" viewBox=\"0 0 448 512\"><path d=\"M438.6 278.6l-160 160C272.4 444.9 264.2 448 256 448s-16.38-3.125-22.62-9.375c-12.5-12.5-12.5-32.75 0-45.25L338.8 288H32C14.33 288 .0016 273.7 .0016 256S14.33 224 32 224h306.8l-105.4-105.4c-12.5-12.5-12.5-32.75 0-45.25s32.75-12.5 45.25 0l160 160C451.1 245.9 451.1 266.1 438.6 278.6z\"><\/path><\/svg><\/div><\/div><div class=\"uagb-ifb-content\"><div class=\"uagb-ifb-title-wrap\"><h3 class=\"uagb-ifb-title\">Tierra contaminada<\/h3><\/div><p class=\"uagb-ifb-desc\">Residuos de proceso, Tierras y barros contaminados con<br>hidorcarburo y\/o asbesto.<\/p><\/div><\/div>\n<\/div>\n<\/div><\/div>\n\n\n\n<div class=\"wp-block-uagb-container uagb-block-ce0ea7b8 alignfull uagb-is-root-container\"><div class=\"uagb-container-inner-blocks-wrap\">\n<div class=\"wp-block-uagb-container uagb-block-017e9e33\">\n<div class=\"wp-block-uagb-advanced-heading uagb-block-4c7ffd3d\"><h2 class=\"uagb-heading-text\">TRATAMIENTO DE RESIDUOS PELIGROSOS<\/h2><p class=\"uagb-desc-text\">Ofrecemos gestion integral de residuos en grandes, medianas y peque\u00f1as industrias, incluyendo la recolecci\u00f3n, traslado y disposici\u00f3n.<\/p><\/div>\n\n\n\n<div class=\"wp-block-uagb-icon-list uagb-block-7fa21844\"><div class=\"uagb-icon-list__wrap\">\n<div class=\"wp-block-uagb-icon-list-child uagb-block-3fbe5bc2\"><span class=\"uagb-icon-list__source-wrap\"><svg xmlns=\"https:\/\/www.w3.org\/2000\/svg\" viewBox=\"0 0 512 512\"><path d=\"M256 0C114.6 0 0 114.6 0 256c0 141.4 114.6 256 256 256s256-114.6 256-256C512 114.6 397.4 0 256 0zM406.6 278.6l-103.1 103.1c-12.5 12.5-32.75 12.5-45.25 0s-12.5-32.75 0-45.25L306.8 288H128C110.3 288 96 273.7 96 256s14.31-32 32-32h178.8l-49.38-49.38c-12.5-12.5-12.5-32.75 0-45.25s32.75-12.5 45.25 0l103.1 103.1C414.6 241.3 416 251.1 416 256C416 260.9 414.6 270.7 406.6 278.6z\"><\/path><\/svg><\/span><span class=\"uagb-icon-list__label\">Tratamiento de residuos in situ<\/span><\/div>\n\n\n\n<div class=\"wp-block-uagb-icon-list-child uagb-block-d9fabf6a\"><span class=\"uagb-icon-list__source-wrap\"><svg xmlns=\"https:\/\/www.w3.org\/2000\/svg\" viewBox=\"0 0 512 512\"><path d=\"M256 0C114.6 0 0 114.6 0 256c0 141.4 114.6 256 256 256s256-114.6 256-256C512 114.6 397.4 0 256 0zM406.6 278.6l-103.1 103.1c-12.5 12.5-32.75 12.5-45.25 0s-12.5-32.75 0-45.25L306.8 288H128C110.3 288 96 273.7 96 256s14.31-32 32-32h178.8l-49.38-49.38c-12.5-12.5-12.5-32.75 0-45.25s32.75-12.5 45.25 0l103.1 103.1C414.6 241.3 416 251.1 416 256C416 260.9 414.6 270.7 406.6 278.6z\"><\/path><\/svg><\/span><span class=\"uagb-icon-list__label\">Limpieza de lugares contaminados<\/span><\/div>\n\n\n\n<div class=\"wp-block-uagb-icon-list-child uagb-block-e9e32194\"><span class=\"uagb-icon-list__source-wrap\"><svg xmlns=\"https:\/\/www.w3.org\/2000\/svg\" viewBox=\"0 0 512 512\"><path d=\"M256 0C114.6 0 0 114.6 0 256c0 141.4 114.6 256 256 256s256-114.6 256-256C512 114.6 397.4 0 256 0zM406.6 278.6l-103.1 103.1c-12.5 12.5-32.75 12.5-45.25 0s-12.5-32.75 0-45.25L306.8 288H128C110.3 288 96 273.7 96 256s14.31-32 32-32h178.8l-49.38-49.38c-12.5-12.5-12.5-32.75 0-45.25s32.75-12.5 45.25 0l103.1 103.1C414.6 241.3 416 251.1 416 256C416 260.9 414.6 270.7 406.6 278.6z\"><\/path><\/svg><\/span><span class=\"uagb-icon-list__label\">Remediaci\u00f3n de lugares contaminados<\/span><\/div>\n\n\n\n<div class=\"wp-block-uagb-icon-list-child uagb-block-b7d15650\"><span class=\"uagb-icon-list__source-wrap\"><svg xmlns=\"https:\/\/www.w3.org\/2000\/svg\" viewBox=\"0 0 512 512\"><path d=\"M256 0C114.6 0 0 114.6 0 256c0 141.4 114.6 256 256 256s256-114.6 256-256C512 114.6 397.4 0 256 0zM406.6 278.6l-103.1 103.1c-12.5 12.5-32.75 12.5-45.25 0s-12.5-32.75 0-45.25L306.8 288H128C110.3 288 96 273.7 96 256s14.31-32 32-32h178.8l-49.38-49.38c-12.5-12.5-12.5-32.75 0-45.25s32.75-12.5 45.25 0l103.1 103.1C414.6 241.3 416 251.1 416 256C416 260.9 414.6 270.7 406.6 278.6z\"><\/path><\/svg><\/span><span class=\"uagb-icon-list__label\">Acondicionamiento de residuos<\/span><\/div>\n<\/div><\/div>\n<\/div>\n\n\n\n<div class=\"wp-block-uagb-container uagb-block-6df70862\">\n<div class=\"wp-block-uagb-image aligncenter uagb-block-5d32d602 wp-block-uagb-image--layout-default wp-block-uagb-image--effect-zoomin wp-block-uagb-image--align-center animated slideInRight\"><figure class=\"wp-block-uagb-image__figure\"><img decoding=\"async\" srcset=\"https:\/\/geoassist.com.ar\/wp-content\/uploads\/2023\/04\/DSC05314-1024x576.jpg \" sizes=\"auto, (max-width: 480px) 150px\" src=\"https:\/\/geoassist.com.ar\/wp-content\/uploads\/2023\/04\/DSC05314-1024x576.jpg\" alt=\"\" class=\"uag-image-1685\" width=\"579\" height=\"380\" title=\"\" loading=\"lazy\" role=\"img\"\/><\/figure><\/div>\n<\/div>\n<\/div><\/div>\n\n\n\n<div class=\"wp-block-uagb-container uagb-block-1afa1ec7 alignfull uagb-is-root-container\"><div class=\"uagb-container-inner-blocks-wrap\">\n<div class=\"wp-block-uagb-advanced-heading uagb-block-a2c1488e\"><h2 class=\"uagb-heading-text\">This is a Secondary Heading<\/h2><\/div>\n\n\n\n<div class=\"wp-block-uagb-container uagb-block-355029d7\">\n<div class=\"wp-block-uagb-container uagb-block-32e4fdc2\">\n<div class=\"wp-block-uagb-image uagb-block-ae63b52d wp-block-uagb-image--layout-default wp-block-uagb-image--effect-static wp-block-uagb-image--align-none animated slideInLeft fast\"><figure class=\"wp-block-uagb-image__figure\"><img decoding=\"async\" srcset=\"https:\/\/websitedemos.net\/wp-content\/uploads\/2021\/08\/placeholder4-dark-1024x1024.jpg \" sizes=\"auto, (max-width: 480px) 150px\" src=\"https:\/\/websitedemos.net\/wp-content\/uploads\/2021\/08\/placeholder4-dark-1024x1024.jpg\" alt=\"\" class=\"uag-image-69178\" width=\"1024\" height=\"1024\" title=\"\" loading=\"lazy\" role=\"img\"\/><\/figure><\/div>\n<\/div>\n\n\n\n<div class=\"wp-block-uagb-container uagb-block-c23f5998\">\n<div class=\"wp-block-uagb-container uagb-block-06e6f4aa\">\n<div class=\"wp-block-uagb-container uagb-block-cbf42618\">\n<div class=\"wp-block-uagb-image uagb-block-8750af7a wp-block-uagb-image--layout-default wp-block-uagb-image--effect-static wp-block-uagb-image--align-none animated slideInDown fast\"><figure class=\"wp-block-uagb-image__figure\"><img decoding=\"async\" srcset=\"https:\/\/geoassist.com.ar\/wp-content\/uploads\/2023\/04\/placeholder2-dark.jpg \" sizes=\"auto, (max-width: 480px) 150px\" src=\"https:\/\/geoassist.com.ar\/wp-content\/uploads\/2023\/04\/placeholder2-dark.jpg\" alt=\"\" class=\"uag-image-69173\" width=\"500\" height=\"500\" title=\"\" loading=\"lazy\" role=\"img\"\/><\/figure><\/div>\n<\/div>\n\n\n\n<div class=\"wp-block-uagb-container uagb-block-59919577\">\n<div class=\"wp-block-uagb-image uagb-block-7bf8ecfc wp-block-uagb-image--layout-default wp-block-uagb-image--effect-static wp-block-uagb-image--align-none animated slideInRight fast\"><figure class=\"wp-block-uagb-image__figure\"><img decoding=\"async\" srcset=\"https:\/\/geoassist.com.ar\/wp-content\/uploads\/2023\/04\/placeholder2-dark.jpg \" sizes=\"auto, (max-width: 480px) 150px\" src=\"https:\/\/geoassist.com.ar\/wp-content\/uploads\/2023\/04\/placeholder2-dark.jpg\" alt=\"\" class=\"uag-image-69173\" width=\"500\" height=\"500\" title=\"\" loading=\"lazy\" role=\"img\"\/><\/figure><\/div>\n<\/div>\n<\/div>\n\n\n\n<div class=\"wp-block-uagb-container uagb-block-9cf2083f\">\n<div class=\"wp-block-uagb-container uagb-block-05cb8495\">\n<div class=\"wp-block-uagb-image uagb-block-f5573d2c wp-block-uagb-image--layout-default wp-block-uagb-image--effect-static wp-block-uagb-image--align-none animated slideInUp fast\"><figure class=\"wp-block-uagb-image__figure\"><img decoding=\"async\" srcset=\"https:\/\/geoassist.com.ar\/wp-content\/uploads\/2023\/04\/placeholder2-dark.jpg \" sizes=\"auto, (max-width: 480px) 150px\" src=\"https:\/\/geoassist.com.ar\/wp-content\/uploads\/2023\/04\/placeholder2-dark.jpg\" alt=\"\" class=\"uag-image-69173\" width=\"500\" height=\"500\" title=\"\" loading=\"lazy\" role=\"img\"\/><\/figure><\/div>\n<\/div>\n\n\n\n<div class=\"wp-block-uagb-container uagb-block-c8aa43f9\">\n<div class=\"wp-block-uagb-image uagb-block-a4384df2 wp-block-uagb-image--layout-default wp-block-uagb-image--effect-static wp-block-uagb-image--align-none animated slideInRight fast\"><figure class=\"wp-block-uagb-image__figure\"><img decoding=\"async\" srcset=\"https:\/\/geoassist.com.ar\/wp-content\/uploads\/2023\/04\/placeholder2-dark.jpg \" sizes=\"auto, (max-width: 480px) 150px\" src=\"https:\/\/geoassist.com.ar\/wp-content\/uploads\/2023\/04\/placeholder2-dark.jpg\" alt=\"\" class=\"uag-image-69173\" width=\"500\" height=\"500\" title=\"\" loading=\"lazy\" role=\"img\"\/><\/figure><\/div>\n<\/div>\n<\/div>\n<\/div>\n<\/div>\n<\/div><\/div>\n","protected":false},"excerpt":{"rendered":"<p>Gesti\u00f3n de Residuos Peligrosos Acerca de TRATAMIENTO DE RESIDUOS PELIGROSOS Ofrecemos gestion integral de residuos en grandes, medianas y peque\u00f1as industrias, incluyendo la recolecci\u00f3n, traslado y disposici\u00f3n. This is a Secondary Heading<\/p>\n","protected":false},"author":1,"featured_media":0,"parent":497,"menu_order":1,"comment_status":"closed","ping_status":"closed","template":"","meta":{"om_disable_all_campaigns":false,"_eb_attr":"","_uag_custom_page_level_css":"","_monsterinsights_skip_tracking":false,"_monsterinsights_sitenote_active":false,"_monsterinsights_sitenote_note":"","_monsterinsights_sitenote_category":0,"site-sidebar-layout":"default","site-content-layout":"","ast-site-content-layout":"default","site-content-style":"default","site-sidebar-style":"default","ast-global-header-display":"","ast-banner-title-visibility":"","ast-main-header-display":"","ast-hfb-above-header-display":"","ast-hfb-below-header-display":"","ast-hfb-mobile-header-display":"","site-post-title":"disabled","ast-breadcrumbs-content":"","ast-featured-img":"","footer-sml-layout":"","theme-transparent-header-meta":"","adv-header-id-meta":"","stick-header-meta":"","header-above-stick-meta":"","header-main-stick-meta":"","header-below-stick-meta":"","astra-migrate-meta-layouts":"default","ast-page-background-enabled":"default","ast-page-background-meta":{"desktop":{"background-color":"var(--ast-global-color-4)","background-image":"","background-repeat":"repeat","background-position":"center center","background-size":"auto","background-attachment":"scroll","background-type":"","background-media":"","overlay-type":"","overlay-color":"","overlay-opacity":"","overlay-gradient":""},"tablet":{"background-color":"","background-image":"","background-repeat":"repeat","background-position":"center center","background-size":"auto","background-attachment":"scroll","background-type":"","background-media":"","overlay-type":"","overlay-color":"","overlay-opacity":"","overlay-gradient":""},"mobile":{"background-color":"","background-image":"","background-repeat":"repeat","background-position":"center center","background-size":"auto","background-attachment":"scroll","background-type":"","background-media":"","overlay-type":"","overlay-color":"","overlay-opacity":"","overlay-gradient":""}},"ast-content-background-meta":{"desktop":{"background-color":"var(--ast-global-color-5)","background-image":"","background-repeat":"repeat","background-position":"center center","background-size":"auto","background-attachment":"scroll","background-type":"","background-media":"","overlay-type":"","overlay-color":"","overlay-opacity":"","overlay-gradient":""},"tablet":{"background-color":"var(--ast-global-color-5)","background-image":"","background-repeat":"repeat","background-position":"center center","background-size":"auto","background-attachment":"scroll","background-type":"","background-media":"","overlay-type":"","overlay-color":"","overlay-opacity":"","overlay-gradient":""},"mobile":{"background-color":"var(--ast-global-color-5)","background-image":"","background-repeat":"repeat","background-position":"center center","background-size":"auto","background-attachment":"scroll","background-type":"","background-media":"","overlay-type":"","overlay-color":"","overlay-opacity":"","overlay-gradient":""}},"footnotes":""},"class_list":["post-2","page","type-page","status-publish","hentry"],"aioseo_notices":[],"uagb_featured_image_src":{"full":false,"thumbnail":false,"medium":false,"medium_large":false,"large":false,"1536x1536":false,"2048x2048":false},"uagb_author_info":{"display_name":"micaruiz92","author_link":"https:\/\/geoassist.com.ar\/index.php\/author\/micaruiz92\/"},"uagb_comment_info":0,"uagb_excerpt":"Gesti\u00f3n de Residuos Peligrosos Acerca de TRATAMIENTO DE RESIDUOS PELIGROSOS Ofrecemos gestion integral de residuos en grandes, medianas y peque\u00f1as industrias, incluyendo la recolecci\u00f3n, traslado y disposici\u00f3n. This is a Secondary Heading","_links":{"self":[{"href":"https:\/\/geoassist.com.ar\/index.php\/wp-json\/wp\/v2\/pages\/2","targetHints":{"allow":["GET"]}}],"collection":[{"href":"https:\/\/geoassist.com.ar\/index.php\/wp-json\/wp\/v2\/pages"}],"about":[{"href":"https:\/\/geoassist.com.ar\/index.php\/wp-json\/wp\/v2\/types\/page"}],"author":[{"embeddable":true,"href":"https:\/\/geoassist.com.ar\/index.php\/wp-json\/wp\/v2\/users\/1"}],"replies":[{"embeddable":true,"href":"https:\/\/geoassist.com.ar\/index.php\/wp-json\/wp\/v2\/comments?post=2"}],"version-history":[{"count":42,"href":"https:\/\/geoassist.com.ar\/index.php\/wp-json\/wp\/v2\/pages\/2\/revisions"}],"predecessor-version":[{"id":2098,"href":"https:\/\/geoassist.com.ar\/index.php\/wp-json\/wp\/v2\/pages\/2\/revisions\/2098"}],"up":[{"embeddable":true,"href":"https:\/\/geoassist.com.ar\/index.php\/wp-json\/wp\/v2\/pages\/497"}],"wp:attachment":[{"href":"https:\/\/geoassist.com.ar\/index.php\/wp-json\/wp\/v2\/media?parent=2"}],"curies":[{"name":"wp","href":"https:\/\/api.w.org\/{rel}","templated":true}]}}