{"id":1754,"date":"2023-04-17T16:15:30","date_gmt":"2023-04-17T19:15:30","guid":{"rendered":"https:\/\/geoassist.com.ar\/index.php\/servicios\/transporte-de-residuos-peligrosos\/"},"modified":"2023-11-06T15:23:17","modified_gmt":"2023-11-06T18:23:17","slug":"limpieza-ductos-chimeneas","status":"publish","type":"page","link":"https:\/\/geoassist.com.ar\/index.php\/servicios\/limpieza-ductos-chimeneas\/","title":{"rendered":"Limpieza de Ductos y Chimeneas"},"content":{"rendered":"\n<div class=\"wp-block-uagb-container uagb-block-6a7f627e alignfull uagb-is-root-container\">\n<div class=\"wp-block-uagb-advanced-heading uagb-block-05df1bfb\"><h2 class=\"uagb-heading-text\">Limpieza de Ductos y Chimeneas<\/h2><\/div>\n<\/div>\n\n\n\n<div class=\"wp-block-uagb-container uagb-block-5c8b447d alignfull uagb-is-root-container\"><div class=\"uagb-container-inner-blocks-wrap\">\n<div class=\"wp-block-uagb-container uagb-block-e12b6e50\">\n<div class=\"wp-block-uagb-advanced-heading uagb-block-4f8d492c\"><h3 class=\"uagb-heading-text\">Acerca de <\/h3><\/div>\n\n\n\n<div class=\"wp-block-uagb-info-box uagb-block-f99d2e9d uagb-infobox__content-wrap  uagb-infobox-icon-above-title uagb-infobox-image-valign-top\"><div class=\"uagb-ifb-content\"><div class=\"uagb-ifb-title-wrap\"><h2 class=\"uagb-ifb-title\">LIMPIEZA DE DUCTOS Y CHIMENEAS<\/h2><\/div><p class=\"uagb-ifb-desc\">Nuestros servicios especializados de limpieza de ductos y chimeneas est\u00e1n dise\u00f1ados para brindarte un ambiente m\u00e1s saludable y seguro. Eliminamos eficazmente la acumulaci\u00f3n de polvo, suciedad y contaminantes en tus sistemas de ventilaci\u00f3n.<br><br>Trabajamos con tecnolog\u00eda avanzada y m\u00e9todos probados para garantizar la eliminaci\u00f3n de cualquier residuo no deseado, lo que reduce el riesgo de problemas de salud y mejora la eficiencia de tus sistemas. Tu comodidad y bienestar son nuestra prioridad, y estamos listos para ofrecerte soluciones de limpieza de calidad.<\/p><\/div><\/div>\n<\/div>\n\n\n\n<div class=\"wp-block-uagb-container uagb-block-0586683c\">\n<div class=\"wp-block-uagb-info-box uagb-block-5682cb1a uagb-infobox__content-wrap  uagb-infobox-icon-left uagb-infobox-left uagb-infobox-image-valign-top\"><div class=\"uagb-ifb-icon-wrap\"><div class=\"uagb-iconbox-icon-wrap uagb-infobox-shape-circle\"><svg xmlns=\"https:\/\/www.w3.org\/2000\/svg\" viewBox=\"0 0 448 512\"><path d=\"M438.6 278.6l-160 160C272.4 444.9 264.2 448 256 448s-16.38-3.125-22.62-9.375c-12.5-12.5-12.5-32.75 0-45.25L338.8 288H32C14.33 288 .0016 273.7 .0016 256S14.33 224 32 224h306.8l-105.4-105.4c-12.5-12.5-12.5-32.75 0-45.25s32.75-12.5 45.25 0l160 160C451.1 245.9 451.1 266.1 438.6 278.6z\"><\/path><\/svg><\/div><\/div><div class=\"uagb-ifb-content\"><div class=\"uagb-ifb-title-wrap\"><h3 class=\"uagb-ifb-title\">Capacitaci\u00f3n<\/h3><\/div><p class=\"uagb-ifb-desc\">Asesoramos a nuestro cliente en cada etapa de los residuos a tratar, presentando un proyecto el cual ser\u00e1 aprobado por la autoridad de aplicaci\u00f3n competente.<\/p><\/div><\/div>\n\n\n\n<div class=\"wp-block-uagb-info-box uagb-block-b9f0e1c5 uagb-infobox__content-wrap  uagb-infobox-icon-left uagb-infobox-left uagb-infobox-image-valign-top\"><div class=\"uagb-ifb-icon-wrap\"><div class=\"uagb-iconbox-icon-wrap uagb-infobox-shape-circle\"><svg xmlns=\"https:\/\/www.w3.org\/2000\/svg\" viewBox=\"0 0 448 512\"><path d=\"M438.6 278.6l-160 160C272.4 444.9 264.2 448 256 448s-16.38-3.125-22.62-9.375c-12.5-12.5-12.5-32.75 0-45.25L338.8 288H32C14.33 288 .0016 273.7 .0016 256S14.33 224 32 224h306.8l-105.4-105.4c-12.5-12.5-12.5-32.75 0-45.25s32.75-12.5 45.25 0l160 160C451.1 245.9 451.1 266.1 438.6 278.6z\"><\/path><\/svg><\/div><\/div><div class=\"uagb-ifb-content\"><div class=\"uagb-ifb-title-wrap\"><h3 class=\"uagb-ifb-title\">Tratamiento de Hidrocarburos<\/h3><\/div><p class=\"uagb-ifb-desc\">Seg\u00fan como se encuentren depositados se retirar\u00e1 por un tanque atmosf\u00e9rico o una bomba rastrera con absorci\u00f3n. En caso que su estado sea solido o incrustado en las paredes del tanque, se debe colocar resistencia la cual generar\u00e1 el calor para que se convierta en estado l\u00edquido. Luego se procede a un retrolavado con detergente biodegradable.<\/p><\/div><\/div>\n\n\n\n<div class=\"wp-block-uagb-info-box uagb-block-74875ac4 uagb-infobox__content-wrap  uagb-infobox-icon-left uagb-infobox-left uagb-infobox-image-valign-top\"><div class=\"uagb-ifb-icon-wrap\"><div class=\"uagb-iconbox-icon-wrap uagb-infobox-shape-circle\"><svg xmlns=\"https:\/\/www.w3.org\/2000\/svg\" viewBox=\"0 0 448 512\"><path d=\"M438.6 278.6l-160 160C272.4 444.9 264.2 448 256 448s-16.38-3.125-22.62-9.375c-12.5-12.5-12.5-32.75 0-45.25L338.8 288H32C14.33 288 .0016 273.7 .0016 256S14.33 224 32 224h306.8l-105.4-105.4c-12.5-12.5-12.5-32.75 0-45.25s32.75-12.5 45.25 0l160 160C451.1 245.9 451.1 266.1 438.6 278.6z\"><\/path><\/svg><\/div><\/div><div class=\"uagb-ifb-content\"><div class=\"uagb-ifb-title-wrap\"><h3 class=\"uagb-ifb-title\">Verificaci\u00f3n de limpieza<\/h3><\/div><p class=\"uagb-ifb-desc\">Se ilumina el sector tratado con el ambiente bajo presi\u00f3n con extractores de baja tensi\u00f3n 12 Volt para verificar que no se encuentren restos del residuo.<\/p><\/div><\/div>\n<\/div>\n<\/div><\/div>\n\n\n\n<div class=\"wp-block-uagb-container uagb-block-18ea5fb8 alignfull uagb-is-root-container\"><div class=\"uagb-container-inner-blocks-wrap\">\n<div class=\"wp-block-uagb-container uagb-block-e14d707c\">\n<div class=\"wp-block-uagb-advanced-heading uagb-block-16f06908\"><h2 class=\"uagb-heading-text\">HIDROCARBUROS<\/h2><p class=\"uagb-desc-text\">Ofrecemos gestion integral de residuos en grandes, medianas y peque\u00f1as industrias, incluyendo la recolecci\u00f3n, traslado y disposici\u00f3n.<\/p><\/div>\n\n\n\n<div class=\"wp-block-uagb-icon-list uagb-block-91ba50eb\"><div class=\"uagb-icon-list__wrap\">\n<div class=\"wp-block-uagb-icon-list-child uagb-block-6d781ddd\"><span class=\"uagb-icon-list__source-wrap\"><svg xmlns=\"https:\/\/www.w3.org\/2000\/svg\" viewBox=\"0 0 512 512\"><path d=\"M256 0C114.6 0 0 114.6 0 256c0 141.4 114.6 256 256 256s256-114.6 256-256C512 114.6 397.4 0 256 0zM406.6 278.6l-103.1 103.1c-12.5 12.5-32.75 12.5-45.25 0s-12.5-32.75 0-45.25L306.8 288H128C110.3 288 96 273.7 96 256s14.31-32 32-32h178.8l-49.38-49.38c-12.5-12.5-12.5-32.75 0-45.25s32.75-12.5 45.25 0l103.1 103.1C414.6 241.3 416 251.1 416 256C416 260.9 414.6 270.7 406.6 278.6z\"><\/path><\/svg><\/span><span class=\"uagb-icon-list__label\">Capacitaci\u00f3n al cliente<\/span><\/div>\n\n\n\n<div class=\"wp-block-uagb-icon-list-child uagb-block-b0522349\"><span class=\"uagb-icon-list__source-wrap\"><svg xmlns=\"https:\/\/www.w3.org\/2000\/svg\" viewBox=\"0 0 512 512\"><path d=\"M256 0C114.6 0 0 114.6 0 256c0 141.4 114.6 256 256 256s256-114.6 256-256C512 114.6 397.4 0 256 0zM406.6 278.6l-103.1 103.1c-12.5 12.5-32.75 12.5-45.25 0s-12.5-32.75 0-45.25L306.8 288H128C110.3 288 96 273.7 96 256s14.31-32 32-32h178.8l-49.38-49.38c-12.5-12.5-12.5-32.75 0-45.25s32.75-12.5 45.25 0l103.1 103.1C414.6 241.3 416 251.1 416 256C416 260.9 414.6 270.7 406.6 278.6z\"><\/path><\/svg><\/span><span class=\"uagb-icon-list__label\">Tratamiento de los residuos peligrosos<\/span><\/div>\n\n\n\n<div class=\"wp-block-uagb-icon-list-child uagb-block-09a296f7\"><span class=\"uagb-icon-list__source-wrap\"><svg xmlns=\"https:\/\/www.w3.org\/2000\/svg\" viewBox=\"0 0 512 512\"><path d=\"M256 0C114.6 0 0 114.6 0 256c0 141.4 114.6 256 256 256s256-114.6 256-256C512 114.6 397.4 0 256 0zM406.6 278.6l-103.1 103.1c-12.5 12.5-32.75 12.5-45.25 0s-12.5-32.75 0-45.25L306.8 288H128C110.3 288 96 273.7 96 256s14.31-32 32-32h178.8l-49.38-49.38c-12.5-12.5-12.5-32.75 0-45.25s32.75-12.5 45.25 0l103.1 103.1C414.6 241.3 416 251.1 416 256C416 260.9 414.6 270.7 406.6 278.6z\"><\/path><\/svg><\/span><span class=\"uagb-icon-list__label\">Transporte y disposici\u00f3n<\/span><\/div>\n<\/div><\/div>\n<\/div>\n\n\n\n<div class=\"wp-block-uagb-container uagb-block-8b9fb4e1\">\n<div class=\"wp-block-uagb-image aligncenter uagb-block-74727675 wp-block-uagb-image--layout-default wp-block-uagb-image--effect-zoomin wp-block-uagb-image--align-center animated slideInRight\"><figure class=\"wp-block-uagb-image__figure\"><img decoding=\"async\" srcset=\"https:\/\/geoassist.com.ar\/wp-content\/uploads\/2023\/04\/DSC05314-1024x576.jpg \" sizes=\"auto, (max-width: 480px) 150px\" src=\"https:\/\/geoassist.com.ar\/wp-content\/uploads\/2023\/04\/DSC05314-1024x576.jpg\" alt=\"\" class=\"uag-image-1685\" width=\"579\" height=\"380\" title=\"\" loading=\"lazy\"\/><\/figure><\/div>\n<\/div>\n<\/div><\/div>\n\n\n\n<div class=\"wp-block-uagb-container uagb-block-2f6764da alignfull uagb-is-root-container\"><div class=\"uagb-container-inner-blocks-wrap\">\n<div class=\"wp-block-uagb-advanced-heading uagb-block-8e37bb13\"><h2 class=\"uagb-heading-text\">PROYECTOS REALIZADOS<\/h2><p class=\"uagb-desc-text\">Algunos de los trabajos realizados <\/p><\/div>\n\n\n\n<div class=\"wp-block-uagb-container uagb-block-178ac5e0\">\n<div class=\"wp-block-uagb-container uagb-block-21c4e758\">\n<div class=\"wp-block-uagb-image aligncenter uagb-block-72a7a960 wp-block-uagb-image--layout-default wp-block-uagb-image--effect-static wp-block-uagb-image--align-center\"><figure class=\"wp-block-uagb-image__figure\"><img decoding=\"async\" srcset=\"https:\/\/geoassist.com.ar\/wp-content\/uploads\/2023\/11\/DSC04728-e1699287305248-1024x1024.jpg ,https:\/\/geoassist.com.ar\/wp-content\/uploads\/2023\/11\/DSC04728-e1699287305248.jpg 780w, https:\/\/geoassist.com.ar\/wp-content\/uploads\/2023\/11\/DSC04728-e1699287305248.jpg 360w\" sizes=\"auto, (max-width: 480px) 150px\" src=\"https:\/\/geoassist.com.ar\/wp-content\/uploads\/2023\/11\/DSC04728-e1699287305248-1024x1024.jpg\" alt=\"\" class=\"uag-image-1933\" width=\"1024\" height=\"1024\" title=\"\" loading=\"lazy\"\/><\/figure><\/div>\n<\/div>\n\n\n\n<div class=\"wp-block-uagb-container uagb-block-5b114001\">\n<div class=\"wp-block-uagb-image aligncenter uagb-block-89d1bfc6 wp-block-uagb-image--layout-default wp-block-uagb-image--effect-static wp-block-uagb-image--align-center\"><figure class=\"wp-block-uagb-image__figure\"><img decoding=\"async\" srcset=\"https:\/\/geoassist.com.ar\/wp-content\/uploads\/2023\/11\/DSC04673-e1699287406442-1024x1024.jpg ,https:\/\/geoassist.com.ar\/wp-content\/uploads\/2023\/11\/DSC04673-e1699287406442.jpg 780w, https:\/\/geoassist.com.ar\/wp-content\/uploads\/2023\/11\/DSC04673-e1699287406442.jpg 360w\" sizes=\"auto, (max-width: 480px) 150px\" src=\"https:\/\/geoassist.com.ar\/wp-content\/uploads\/2023\/11\/DSC04673-e1699287406442-1024x1024.jpg\" alt=\"\" class=\"uag-image-1934\" width=\"1024\" height=\"1024\" title=\"\" loading=\"lazy\"\/><\/figure><\/div>\n<\/div>\n\n\n\n<div class=\"wp-block-uagb-container uagb-block-9b91923f\">\n<div class=\"wp-block-uagb-image aligncenter uagb-block-0da09d7b wp-block-uagb-image--layout-default wp-block-uagb-image--effect-static wp-block-uagb-image--align-center\"><figure class=\"wp-block-uagb-image__figure\"><img decoding=\"async\" srcset=\"https:\/\/geoassist.com.ar\/wp-content\/uploads\/2023\/11\/DSC08555-e1699287601362-1024x1024.jpg ,https:\/\/geoassist.com.ar\/wp-content\/uploads\/2023\/11\/DSC08555-e1699287601362.jpg 780w, https:\/\/geoassist.com.ar\/wp-content\/uploads\/2023\/11\/DSC08555-e1699287601362.jpg 360w\" sizes=\"auto, (max-width: 480px) 150px\" src=\"https:\/\/geoassist.com.ar\/wp-content\/uploads\/2023\/11\/DSC08555-e1699287601362-1024x1024.jpg\" alt=\"\" class=\"uag-image-1935\" width=\"1024\" height=\"1024\" title=\"\" loading=\"lazy\"\/><\/figure><\/div>\n<\/div>\n\n\n\n<div class=\"wp-block-uagb-container uagb-block-496c6b32\">\n<div class=\"wp-block-uagb-image aligncenter uagb-block-8a7042e9 wp-block-uagb-image--layout-default wp-block-uagb-image--effect-static wp-block-uagb-image--align-center\"><figure class=\"wp-block-uagb-image__figure\"><img decoding=\"async\" srcset=\"https:\/\/geoassist.com.ar\/wp-content\/uploads\/2023\/11\/DSC08458-e1699286978557-1024x1006.jpg ,https:\/\/geoassist.com.ar\/wp-content\/uploads\/2023\/11\/DSC08458-e1699286978557.jpg 780w, https:\/\/geoassist.com.ar\/wp-content\/uploads\/2023\/11\/DSC08458-e1699286978557.jpg 360w\" sizes=\"auto, (max-width: 480px) 150px\" src=\"https:\/\/geoassist.com.ar\/wp-content\/uploads\/2023\/11\/DSC08458-e1699286978557-1024x1006.jpg\" alt=\"\" class=\"uag-image-1922\" width=\"1024\" height=\"1006\" title=\"\" loading=\"lazy\"\/><\/figure><\/div>\n<\/div>\n\n\n\n<div class=\"wp-block-uagb-container uagb-block-c3195e7b\">\n<div class=\"wp-block-uagb-image aligncenter uagb-block-1b250c06 wp-block-uagb-image--layout-default wp-block-uagb-image--effect-static wp-block-uagb-image--align-center\"><figure class=\"wp-block-uagb-image__figure\"><img decoding=\"async\" srcset=\"https:\/\/geoassist.com.ar\/wp-content\/uploads\/2023\/11\/portfolio4.jpg \" sizes=\"auto, (max-width: 480px) 150px\" src=\"https:\/\/geoassist.com.ar\/wp-content\/uploads\/2023\/11\/portfolio4.jpg\" alt=\"\" class=\"uag-image-1453\" width=\"899\" height=\"899\" title=\"\" loading=\"lazy\"\/><\/figure><\/div>\n<\/div>\n\n\n\n<div class=\"wp-block-uagb-container uagb-block-1698d40e\">\n<div class=\"wp-block-uagb-image aligncenter uagb-block-0a4bcf6a wp-block-uagb-image--layout-default wp-block-uagb-image--effect-static wp-block-uagb-image--align-center\"><figure class=\"wp-block-uagb-image__figure\"><img decoding=\"async\" srcset=\"https:\/\/geoassist.com.ar\/wp-content\/uploads\/2023\/11\/portfolio3.jpg \" sizes=\"auto, (max-width: 480px) 150px\" src=\"https:\/\/geoassist.com.ar\/wp-content\/uploads\/2023\/11\/portfolio3.jpg\" alt=\"\" class=\"uag-image-1454\" width=\"899\" height=\"899\" title=\"\" loading=\"lazy\"\/><\/figure><\/div>\n<\/div>\n\n\n\n<div class=\"wp-block-uagb-container uagb-block-f38c5b89\">\n<div class=\"wp-block-uagb-image aligncenter uagb-block-21624d9d wp-block-uagb-image--layout-default wp-block-uagb-image--effect-static wp-block-uagb-image--align-center\"><figure class=\"wp-block-uagb-image__figure\"><img decoding=\"async\" srcset=\"https:\/\/geoassist.com.ar\/wp-content\/uploads\/2023\/11\/portfolio2.jpg \" sizes=\"auto, (max-width: 480px) 150px\" src=\"https:\/\/geoassist.com.ar\/wp-content\/uploads\/2023\/11\/portfolio2.jpg\" alt=\"\" class=\"uag-image-1455\" width=\"899\" height=\"899\" title=\"\" loading=\"lazy\"\/><\/figure><\/div>\n<\/div>\n\n\n\n<div class=\"wp-block-uagb-container uagb-block-e6e3ffbd\">\n<div class=\"wp-block-uagb-image aligncenter uagb-block-dbc4796c wp-block-uagb-image--layout-default wp-block-uagb-image--effect-static wp-block-uagb-image--align-center\"><figure class=\"wp-block-uagb-image__figure\"><img decoding=\"async\" srcset=\"https:\/\/geoassist.com.ar\/wp-content\/uploads\/2023\/11\/portfolio1.jpg \" sizes=\"auto, (max-width: 480px) 150px\" src=\"https:\/\/geoassist.com.ar\/wp-content\/uploads\/2023\/11\/portfolio1.jpg\" alt=\"\" class=\"uag-image-1456\" width=\"899\" height=\"899\" title=\"\" loading=\"lazy\"\/><\/figure><\/div>\n<\/div>\n<\/div>\n<\/div><\/div>\n","protected":false},"excerpt":{"rendered":"<p>Limpieza de Ductos y Chimeneas Acerca de HIDROCARBUROS Ofrecemos gestion integral de residuos en grandes, medianas y peque\u00f1as industrias, incluyendo la recolecci\u00f3n, traslado y disposici\u00f3n. PROYECTOS REALIZADOS Algunos de los trabajos realizados<\/p>\n","protected":false},"author":1,"featured_media":0,"parent":497,"menu_order":4,"comment_status":"closed","ping_status":"closed","template":"","meta":{"om_disable_all_campaigns":false,"_eb_attr":"","_uag_custom_page_level_css":"","_monsterinsights_skip_tracking":false,"_monsterinsights_sitenote_active":false,"_monsterinsights_sitenote_note":"","_monsterinsights_sitenote_category":0,"site-sidebar-layout":"default","site-content-layout":"","ast-site-content-layout":"default","site-content-style":"default","site-sidebar-style":"default","ast-global-header-display":"","ast-banner-title-visibility":"","ast-main-header-display":"","ast-hfb-above-header-display":"","ast-hfb-below-header-display":"","ast-hfb-mobile-header-display":"","site-post-title":"disabled","ast-breadcrumbs-content":"","ast-featured-img":"","footer-sml-layout":"","ast-disable-related-posts":"","theme-transparent-header-meta":"","adv-header-id-meta":"","stick-header-meta":"","header-above-stick-meta":"","header-main-stick-meta":"","header-below-stick-meta":"","astra-migrate-meta-layouts":"default","ast-page-background-enabled":"default","ast-page-background-meta":{"desktop":{"background-color":"var(--ast-global-color-4)","background-image":"","background-repeat":"repeat","background-position":"center center","background-size":"auto","background-attachment":"scroll","background-type":"","background-media":"","overlay-type":"","overlay-color":"","overlay-opacity":"","overlay-gradient":""},"tablet":{"background-color":"","background-image":"","background-repeat":"repeat","background-position":"center center","background-size":"auto","background-attachment":"scroll","background-type":"","background-media":"","overlay-type":"","overlay-color":"","overlay-opacity":"","overlay-gradient":""},"mobile":{"background-color":"","background-image":"","background-repeat":"repeat","background-position":"center center","background-size":"auto","background-attachment":"scroll","background-type":"","background-media":"","overlay-type":"","overlay-color":"","overlay-opacity":"","overlay-gradient":""}},"ast-content-background-meta":{"desktop":{"background-color":"var(--ast-global-color-5)","background-image":"","background-repeat":"repeat","background-position":"center center","background-size":"auto","background-attachment":"scroll","background-type":"","background-media":"","overlay-type":"","overlay-color":"","overlay-opacity":"","overlay-gradient":""},"tablet":{"background-color":"var(--ast-global-color-5)","background-image":"","background-repeat":"repeat","background-position":"center center","background-size":"auto","background-attachment":"scroll","background-type":"","background-media":"","overlay-type":"","overlay-color":"","overlay-opacity":"","overlay-gradient":""},"mobile":{"background-color":"var(--ast-global-color-5)","background-image":"","background-repeat":"repeat","background-position":"center center","background-size":"auto","background-attachment":"scroll","background-type":"","background-media":"","overlay-type":"","overlay-color":"","overlay-opacity":"","overlay-gradient":""}},"footnotes":""},"class_list":["post-1754","page","type-page","status-publish","hentry"],"aioseo_notices":[],"uagb_featured_image_src":{"full":false,"thumbnail":false,"medium":false,"medium_large":false,"large":false,"1536x1536":false,"2048x2048":false},"uagb_author_info":{"display_name":"micaruiz92","author_link":"https:\/\/geoassist.com.ar\/index.php\/author\/micaruiz92\/"},"uagb_comment_info":0,"uagb_excerpt":"Limpieza de Ductos y Chimeneas Acerca de HIDROCARBUROS Ofrecemos gestion integral de residuos en grandes, medianas y peque\u00f1as industrias, incluyendo la recolecci\u00f3n, traslado y disposici\u00f3n. PROYECTOS REALIZADOS Algunos de los trabajos realizados","_links":{"self":[{"href":"https:\/\/geoassist.com.ar\/index.php\/wp-json\/wp\/v2\/pages\/1754","targetHints":{"allow":["GET"]}}],"collection":[{"href":"https:\/\/geoassist.com.ar\/index.php\/wp-json\/wp\/v2\/pages"}],"about":[{"href":"https:\/\/geoassist.com.ar\/index.php\/wp-json\/wp\/v2\/types\/page"}],"author":[{"embeddable":true,"href":"https:\/\/geoassist.com.ar\/index.php\/wp-json\/wp\/v2\/users\/1"}],"replies":[{"embeddable":true,"href":"https:\/\/geoassist.com.ar\/index.php\/wp-json\/wp\/v2\/comments?post=1754"}],"version-history":[{"count":14,"href":"https:\/\/geoassist.com.ar\/index.php\/wp-json\/wp\/v2\/pages\/1754\/revisions"}],"predecessor-version":[{"id":2112,"href":"https:\/\/geoassist.com.ar\/index.php\/wp-json\/wp\/v2\/pages\/1754\/revisions\/2112"}],"up":[{"embeddable":true,"href":"https:\/\/geoassist.com.ar\/index.php\/wp-json\/wp\/v2\/pages\/497"}],"wp:attachment":[{"href":"https:\/\/geoassist.com.ar\/index.php\/wp-json\/wp\/v2\/media?parent=1754"}],"curies":[{"name":"wp","href":"https:\/\/api.w.org\/{rel}","templated":true}]}}