{"id":1751,"date":"2023-04-17T16:14:01","date_gmt":"2023-04-17T19:14:01","guid":{"rendered":"https:\/\/geoassist.com.ar\/index.php\/servicios\/descontaminacion-de-asbesto\/"},"modified":"2024-01-25T12:25:28","modified_gmt":"2024-01-25T15:25:28","slug":"limpieza-paneles-solares","status":"publish","type":"page","link":"https:\/\/geoassist.com.ar\/index.php\/servicios\/limpieza-paneles-solares\/","title":{"rendered":"Limpieza de paneles solares"},"content":{"rendered":"\n<div class=\"wp-block-uagb-container uagb-block-5b78a482 alignfull uagb-is-root-container\">\n<div class=\"wp-block-uagb-advanced-heading uagb-block-23079638\"><h2 class=\"uagb-heading-text\">Limpieza de Paneles Solares<\/h2><\/div>\n<\/div>\n\n\n\n<div class=\"wp-block-uagb-container uagb-block-b5ace49d alignfull uagb-is-root-container\"><div class=\"uagb-container-inner-blocks-wrap\">\n<div class=\"wp-block-uagb-container uagb-block-631994b7\">\n<div class=\"wp-block-uagb-advanced-heading uagb-block-76c1c199\"><h3 class=\"uagb-heading-text\">Acerca de <\/h3><\/div>\n\n\n\n<div class=\"wp-block-uagb-info-box uagb-block-21711ebf uagb-infobox__content-wrap  uagb-infobox-icon-above-title uagb-infobox-image-valign-top\"><div class=\"uagb-ifb-content\"><div class=\"uagb-ifb-title-wrap\"><h2 class=\"uagb-ifb-title\">LIMPIEZA DE PANELES SOLARES.<\/h2><\/div><p class=\"uagb-ifb-desc\">La suciedad, el polvo y otros residuos pueden afectar negativamente la eficiencia de tus paneles solares. Nuestro equipo de profesionales altamente capacitados utiliza m\u00e9todos especializados para eliminar cualquier obstrucci\u00f3n, asegurando que tus paneles est\u00e9n listos para captar la m\u00e1xima cantidad de luz solar.<br><br>La limpieza regular no solo mejora la eficiencia presente, sino que tambi\u00e9n act\u00faa como un m\u00e9todo preventivo. Al eliminar cualquier acumulaci\u00f3n de suciedad, prevenimos posibles da\u00f1os y prolongamos la vida \u00fatil de tus paneles solares. Aprovecha al m\u00e1ximo tu inversi\u00f3n en energ\u00eda solar con nuestros servicios de limpieza de paneles solares.<\/p><\/div><\/div>\n<\/div>\n\n\n\n<div class=\"wp-block-uagb-container uagb-block-b1e33617\">\n<div class=\"wp-block-uagb-info-box uagb-block-dc082819 uagb-infobox__content-wrap  uagb-infobox-icon-left uagb-infobox-left uagb-infobox-image-valign-top\"><div class=\"uagb-ifb-icon-wrap\"><div class=\"uagb-iconbox-icon-wrap uagb-infobox-shape-circle\"><svg xmlns=\"https:\/\/www.w3.org\/2000\/svg\" viewBox=\"0 0 448 512\"><path d=\"M438.6 278.6l-160 160C272.4 444.9 264.2 448 256 448s-16.38-3.125-22.62-9.375c-12.5-12.5-12.5-32.75 0-45.25L338.8 288H32C14.33 288 .0016 273.7 .0016 256S14.33 224 32 224h306.8l-105.4-105.4c-12.5-12.5-12.5-32.75 0-45.25s32.75-12.5 45.25 0l160 160C451.1 245.9 451.1 266.1 438.6 278.6z\"><\/path><\/svg><\/div><\/div><div class=\"uagb-ifb-content\"><div class=\"uagb-ifb-title-wrap\"><h3 class=\"uagb-ifb-title\">Compromiso ambiental<\/h3><\/div><p class=\"uagb-ifb-desc\"> Realizamos nuestros servicios de limpieza con un enfoque respetuoso con el medio ambiente, utilizando m\u00e9todos y productos que cumplen con las normativas ambientales.<\/p><\/div><\/div>\n\n\n\n<div class=\"wp-block-uagb-info-box uagb-block-7df17252 uagb-infobox__content-wrap  uagb-infobox-icon-left uagb-infobox-left uagb-infobox-image-valign-top\"><div class=\"uagb-ifb-icon-wrap\"><div class=\"uagb-iconbox-icon-wrap uagb-infobox-shape-circle\"><svg xmlns=\"https:\/\/www.w3.org\/2000\/svg\" viewBox=\"0 0 448 512\"><path d=\"M438.6 278.6l-160 160C272.4 444.9 264.2 448 256 448s-16.38-3.125-22.62-9.375c-12.5-12.5-12.5-32.75 0-45.25L338.8 288H32C14.33 288 .0016 273.7 .0016 256S14.33 224 32 224h306.8l-105.4-105.4c-12.5-12.5-12.5-32.75 0-45.25s32.75-12.5 45.25 0l160 160C451.1 245.9 451.1 266.1 438.6 278.6z\"><\/path><\/svg><\/div><\/div><div class=\"uagb-ifb-content\"><div class=\"uagb-ifb-title-wrap\"><h3 class=\"uagb-ifb-title\">M\u00e1ximo rendimiento<\/h3><\/div><p class=\"uagb-ifb-desc\">Nuestra limpieza de paneles solares no solo mejora la eficiencia presente, sino que tambi\u00e9n contribuye a prolongar la vida \u00fatil de tus paneles, asegurando una producci\u00f3n energ\u00e9tica constante a lo largo del tiempo.<\/p><\/div><\/div>\n\n\n\n<div class=\"wp-block-uagb-info-box uagb-block-c1eafb97 uagb-infobox__content-wrap  uagb-infobox-icon-left uagb-infobox-left uagb-infobox-image-valign-top\"><div class=\"uagb-ifb-icon-wrap\"><div class=\"uagb-iconbox-icon-wrap uagb-infobox-shape-circle\"><svg xmlns=\"https:\/\/www.w3.org\/2000\/svg\" viewBox=\"0 0 448 512\"><path d=\"M438.6 278.6l-160 160C272.4 444.9 264.2 448 256 448s-16.38-3.125-22.62-9.375c-12.5-12.5-12.5-32.75 0-45.25L338.8 288H32C14.33 288 .0016 273.7 .0016 256S14.33 224 32 224h306.8l-105.4-105.4c-12.5-12.5-12.5-32.75 0-45.25s32.75-12.5 45.25 0l160 160C451.1 245.9 451.1 266.1 438.6 278.6z\"><\/path><\/svg><\/div><\/div><div class=\"uagb-ifb-content\"><div class=\"uagb-ifb-title-wrap\"><h3 class=\"uagb-ifb-title\">Cumplimiento Normativo<\/h3><\/div><p class=\"uagb-ifb-desc\">Nos aseguramos de cumplir con todas las normativas y regulaciones ambientales, garantizando que nuestros servicios est\u00e9n alineados con las leyes aplicables.<\/p><\/div><\/div>\n<\/div>\n<\/div><\/div>\n\n\n\n<div class=\"wp-block-uagb-container uagb-block-1f50f6a1 alignfull uagb-is-root-container\"><div class=\"uagb-container-inner-blocks-wrap\">\n<div class=\"wp-block-uagb-container uagb-block-c1e7046f\">\n<div class=\"wp-block-uagb-advanced-heading uagb-block-b8c92159\"><h2 class=\"uagb-heading-text\">Gesti\u00f3n<\/h2><p class=\"uagb-desc-text\">Nos encargamos de la gesti\u00f3n integral de la limpieza de paneles solares para clientes de todos los tama\u00f1os, desde instalaciones residenciales hasta grandes proyectos industriales. Nuestros servicios abarcan todo el proceso, garantizando una eficiente captaci\u00f3n de energ\u00eda solar y el rendimiento \u00f3ptimo de tus sistemas fotovoltaicos.<\/p><\/div>\n\n\n\n<div class=\"wp-block-uagb-icon-list uagb-block-3a041d20\"><div class=\"uagb-icon-list__wrap\">\n<div class=\"wp-block-uagb-icon-list-child uagb-block-15377c94\"><span class=\"uagb-icon-list__source-wrap\"><svg xmlns=\"https:\/\/www.w3.org\/2000\/svg\" viewBox=\"0 0 512 512\"><path d=\"M256 0C114.6 0 0 114.6 0 256c0 141.4 114.6 256 256 256s256-114.6 256-256C512 114.6 397.4 0 256 0zM406.6 278.6l-103.1 103.1c-12.5 12.5-32.75 12.5-45.25 0s-12.5-32.75 0-45.25L306.8 288H128C110.3 288 96 273.7 96 256s14.31-32 32-32h178.8l-49.38-49.38c-12.5-12.5-12.5-32.75 0-45.25s32.75-12.5 45.25 0l103.1 103.1C414.6 241.3 416 251.1 416 256C416 260.9 414.6 270.7 406.6 278.6z\"><\/path><\/svg><\/span><span class=\"uagb-icon-list__label\">Documentaci\u00f3n<\/span><\/div>\n\n\n\n<div class=\"wp-block-uagb-icon-list-child uagb-block-9f3166eb\"><span class=\"uagb-icon-list__source-wrap\"><svg xmlns=\"https:\/\/www.w3.org\/2000\/svg\" viewBox=\"0 0 512 512\"><path d=\"M256 0C114.6 0 0 114.6 0 256c0 141.4 114.6 256 256 256s256-114.6 256-256C512 114.6 397.4 0 256 0zM406.6 278.6l-103.1 103.1c-12.5 12.5-32.75 12.5-45.25 0s-12.5-32.75 0-45.25L306.8 288H128C110.3 288 96 273.7 96 256s14.31-32 32-32h178.8l-49.38-49.38c-12.5-12.5-12.5-32.75 0-45.25s32.75-12.5 45.25 0l103.1 103.1C414.6 241.3 416 251.1 416 256C416 260.9 414.6 270.7 406.6 278.6z\"><\/path><\/svg><\/span><span class=\"uagb-icon-list__label\">Plan de Contingencia<\/span><\/div>\n\n\n\n<div class=\"wp-block-uagb-icon-list-child uagb-block-45aa4247\"><span class=\"uagb-icon-list__source-wrap\"><svg xmlns=\"https:\/\/www.w3.org\/2000\/svg\" viewBox=\"0 0 512 512\"><path d=\"M256 0C114.6 0 0 114.6 0 256c0 141.4 114.6 256 256 256s256-114.6 256-256C512 114.6 397.4 0 256 0zM406.6 278.6l-103.1 103.1c-12.5 12.5-32.75 12.5-45.25 0s-12.5-32.75 0-45.25L306.8 288H128C110.3 288 96 273.7 96 256s14.31-32 32-32h178.8l-49.38-49.38c-12.5-12.5-12.5-32.75 0-45.25s32.75-12.5 45.25 0l103.1 103.1C414.6 241.3 416 251.1 416 256C416 260.9 414.6 270.7 406.6 278.6z\"><\/path><\/svg><\/span><span class=\"uagb-icon-list__label\">Limpieza<\/span><\/div>\n\n\n\n<div class=\"wp-block-uagb-icon-list-child uagb-block-394a2b59\"><span class=\"uagb-icon-list__source-wrap\"><svg xmlns=\"https:\/\/www.w3.org\/2000\/svg\" viewBox=\"0 0 512 512\"><path d=\"M256 0C114.6 0 0 114.6 0 256c0 141.4 114.6 256 256 256s256-114.6 256-256C512 114.6 397.4 0 256 0zM406.6 278.6l-103.1 103.1c-12.5 12.5-32.75 12.5-45.25 0s-12.5-32.75 0-45.25L306.8 288H128C110.3 288 96 273.7 96 256s14.31-32 32-32h178.8l-49.38-49.38c-12.5-12.5-12.5-32.75 0-45.25s32.75-12.5 45.25 0l103.1 103.1C414.6 241.3 416 251.1 416 256C416 260.9 414.6 270.7 406.6 278.6z\"><\/path><\/svg><\/span><span class=\"uagb-icon-list__label\">Certificado de limpieza<\/span><\/div>\n<\/div><\/div>\n<\/div>\n\n\n\n<div class=\"wp-block-uagb-container uagb-block-2a23fec6\">\n<div class=\"wp-block-uagb-image aligncenter uagb-block-ac6e7038 wp-block-uagb-image--layout-default wp-block-uagb-image--effect-zoomin wp-block-uagb-image--align-center animated slideInRight\"><figure class=\"wp-block-uagb-image__figure\"><img decoding=\"async\" srcset=\"https:\/\/geoassist.com.ar\/wp-content\/uploads\/2024\/01\/paneles-solares-1-1024x538.jpeg ,https:\/\/geoassist.com.ar\/wp-content\/uploads\/2024\/01\/paneles-solares-1.jpeg 780w, https:\/\/geoassist.com.ar\/wp-content\/uploads\/2024\/01\/paneles-solares-1.jpeg 360w\" sizes=\"auto, (max-width: 480px) 150px\" src=\"https:\/\/geoassist.com.ar\/wp-content\/uploads\/2024\/01\/paneles-solares-1-1024x538.jpeg\" alt=\"\" class=\"uag-image-2006\" width=\"1024\" height=\"576\" title=\"\" loading=\"lazy\"\/><\/figure><\/div>\n<\/div>\n<\/div><\/div>\n\n\n\n<div class=\"wp-block-uagb-container uagb-block-332df60d alignfull uagb-is-root-container\"><div class=\"uagb-container-inner-blocks-wrap\">\n<div class=\"wp-block-uagb-advanced-heading uagb-block-480dcfe8\"><h2 class=\"uagb-heading-text\">Trabajos realizados<\/h2><\/div>\n\n\n\n<div class=\"wp-block-uagb-container uagb-block-277d0538\">\n<div class=\"wp-block-uagb-container uagb-block-06d2eec0\">\n<div class=\"wp-block-uagb-image uagb-block-4b46a2d0 wp-block-uagb-image--layout-default wp-block-uagb-image--effect-static wp-block-uagb-image--align-none animated slideInLeft\"><figure class=\"wp-block-uagb-image__figure\"><img decoding=\"async\" srcset=\"https:\/\/geoassist.com.ar\/wp-content\/uploads\/2024\/01\/placas-solares-trabajo-1-edited.webp ,http:\/\/geoassist.com.ar\/wp-content\/uploads\/2024\/01\/placas-solares-trabajo-1-scaled.webp 780w, http:\/\/geoassist.com.ar\/wp-content\/uploads\/2024\/01\/placas-solares-trabajo-1-scaled.webp 360w\" sizes=\"auto, (max-width: 480px) 150px\" src=\"https:\/\/geoassist.com.ar\/wp-content\/uploads\/2024\/01\/placas-solares-trabajo-1-edited.webp\" alt=\"\" class=\"uag-image-2016\" width=\"1024\" height=\"1024\" title=\"\" loading=\"lazy\"\/><\/figure><\/div>\n<\/div>\n\n\n\n<div class=\"wp-block-uagb-container uagb-block-ea5d4c14\">\n<div class=\"wp-block-uagb-container uagb-block-c234f5e9\">\n<div class=\"wp-block-uagb-container uagb-block-156df3f0\">\n<div class=\"wp-block-uagb-image uagb-block-8b0e6e6f wp-block-uagb-image--layout-default wp-block-uagb-image--effect-static wp-block-uagb-image--align-none animated slideInDown\"><figure class=\"wp-block-uagb-image__figure\"><img decoding=\"async\" srcset=\"https:\/\/geoassist.com.ar\/wp-content\/uploads\/2024\/01\/limpieza-placa-edited.jpeg ,https:\/\/geoassist.com.ar\/wp-content\/uploads\/2024\/01\/limpieza-placa.jpeg 780w, https:\/\/geoassist.com.ar\/wp-content\/uploads\/2024\/01\/limpieza-placa.jpeg 360w\" sizes=\"auto, (max-width: 480px) 150px\" src=\"https:\/\/geoassist.com.ar\/wp-content\/uploads\/2024\/01\/limpieza-placa-edited.jpeg\" alt=\"\" class=\"uag-image-2018\" width=\"500\" height=\"500\" title=\"\" loading=\"lazy\"\/><\/figure><\/div>\n<\/div>\n\n\n\n<div class=\"wp-block-uagb-container uagb-block-2f7146f4\">\n<div class=\"wp-block-uagb-image uagb-block-fc2733d5 wp-block-uagb-image--layout-default wp-block-uagb-image--effect-static wp-block-uagb-image--align-none animated slideInRight\"><figure class=\"wp-block-uagb-image__figure\"><img decoding=\"async\" srcset=\"https:\/\/geoassist.com.ar\/wp-content\/uploads\/2023\/04\/placeholder2-dark.jpg \" sizes=\"auto, (max-width: 480px) 150px\" src=\"https:\/\/geoassist.com.ar\/wp-content\/uploads\/2023\/04\/placeholder2-dark.jpg\" alt=\"\" class=\"uag-image-69173\" width=\"500\" height=\"500\" title=\"\" loading=\"lazy\"\/><\/figure><\/div>\n<\/div>\n<\/div>\n\n\n\n<div class=\"wp-block-uagb-container uagb-block-73bcb3be\">\n<div class=\"wp-block-uagb-container uagb-block-be52ca23\">\n<div class=\"wp-block-uagb-image uagb-block-72ed7c2c wp-block-uagb-image--layout-default wp-block-uagb-image--effect-static wp-block-uagb-image--align-none animated slideInUp\"><figure class=\"wp-block-uagb-image__figure\"><img decoding=\"async\" srcset=\"https:\/\/geoassist.com.ar\/wp-content\/uploads\/2023\/04\/placeholder2-dark.jpg \" sizes=\"auto, (max-width: 480px) 150px\" src=\"https:\/\/geoassist.com.ar\/wp-content\/uploads\/2023\/04\/placeholder2-dark.jpg\" alt=\"\" class=\"uag-image-69173\" width=\"500\" height=\"500\" title=\"\" loading=\"lazy\"\/><\/figure><\/div>\n<\/div>\n\n\n\n<div class=\"wp-block-uagb-container uagb-block-30ca0745\">\n<div class=\"wp-block-uagb-image uagb-block-da1396e0 wp-block-uagb-image--layout-default wp-block-uagb-image--effect-static wp-block-uagb-image--align-none animated slideInRight\"><figure class=\"wp-block-uagb-image__figure\"><img decoding=\"async\" srcset=\"https:\/\/geoassist.com.ar\/wp-content\/uploads\/2023\/04\/placeholder2-dark.jpg \" sizes=\"auto, (max-width: 480px) 150px\" src=\"https:\/\/geoassist.com.ar\/wp-content\/uploads\/2023\/04\/placeholder2-dark.jpg\" alt=\"\" class=\"uag-image-69173\" width=\"500\" height=\"500\" title=\"\" loading=\"lazy\"\/><\/figure><\/div>\n<\/div>\n<\/div>\n<\/div>\n<\/div>\n<\/div><\/div>\n","protected":false},"excerpt":{"rendered":"<p>Limpieza de Paneles Solares Acerca de Gesti\u00f3n Nos encargamos de la gesti\u00f3n integral de la limpieza de paneles solares para clientes de todos los tama\u00f1os, desde instalaciones residenciales hasta grandes proyectos industriales. Nuestros servicios abarcan todo el proceso, garantizando una eficiente captaci\u00f3n de energ\u00eda solar y el rendimiento \u00f3ptimo de tus sistemas fotovoltaicos. Trabajos realizados<\/p>\n","protected":false},"author":1,"featured_media":0,"parent":497,"menu_order":3,"comment_status":"closed","ping_status":"closed","template":"","meta":{"om_disable_all_campaigns":false,"_eb_attr":"","_uag_custom_page_level_css":"","_monsterinsights_skip_tracking":false,"_monsterinsights_sitenote_active":false,"_monsterinsights_sitenote_note":"","_monsterinsights_sitenote_category":0,"site-sidebar-layout":"default","site-content-layout":"","ast-site-content-layout":"default","site-content-style":"default","site-sidebar-style":"default","ast-global-header-display":"","ast-banner-title-visibility":"","ast-main-header-display":"","ast-hfb-above-header-display":"","ast-hfb-below-header-display":"","ast-hfb-mobile-header-display":"","site-post-title":"disabled","ast-breadcrumbs-content":"","ast-featured-img":"","footer-sml-layout":"","theme-transparent-header-meta":"","adv-header-id-meta":"","stick-header-meta":"","header-above-stick-meta":"","header-main-stick-meta":"","header-below-stick-meta":"","astra-migrate-meta-layouts":"default","ast-page-background-enabled":"default","ast-page-background-meta":{"desktop":{"background-color":"var(--ast-global-color-4)","background-image":"","background-repeat":"repeat","background-position":"center center","background-size":"auto","background-attachment":"scroll","background-type":"","background-media":"","overlay-type":"","overlay-color":"","overlay-opacity":"","overlay-gradient":""},"tablet":{"background-color":"","background-image":"","background-repeat":"repeat","background-position":"center center","background-size":"auto","background-attachment":"scroll","background-type":"","background-media":"","overlay-type":"","overlay-color":"","overlay-opacity":"","overlay-gradient":""},"mobile":{"background-color":"","background-image":"","background-repeat":"repeat","background-position":"center center","background-size":"auto","background-attachment":"scroll","background-type":"","background-media":"","overlay-type":"","overlay-color":"","overlay-opacity":"","overlay-gradient":""}},"ast-content-background-meta":{"desktop":{"background-color":"var(--ast-global-color-5)","background-image":"","background-repeat":"repeat","background-position":"center center","background-size":"auto","background-attachment":"scroll","background-type":"","background-media":"","overlay-type":"","overlay-color":"","overlay-opacity":"","overlay-gradient":""},"tablet":{"background-color":"var(--ast-global-color-5)","background-image":"","background-repeat":"repeat","background-position":"center center","background-size":"auto","background-attachment":"scroll","background-type":"","background-media":"","overlay-type":"","overlay-color":"","overlay-opacity":"","overlay-gradient":""},"mobile":{"background-color":"var(--ast-global-color-5)","background-image":"","background-repeat":"repeat","background-position":"center center","background-size":"auto","background-attachment":"scroll","background-type":"","background-media":"","overlay-type":"","overlay-color":"","overlay-opacity":"","overlay-gradient":""}},"footnotes":""},"class_list":["post-1751","page","type-page","status-publish","hentry"],"aioseo_notices":[],"uagb_featured_image_src":{"full":false,"thumbnail":false,"medium":false,"medium_large":false,"large":false,"1536x1536":false,"2048x2048":false},"uagb_author_info":{"display_name":"micaruiz92","author_link":"https:\/\/geoassist.com.ar\/index.php\/author\/micaruiz92\/"},"uagb_comment_info":0,"uagb_excerpt":"Limpieza de Paneles Solares Acerca de Gesti\u00f3n Nos encargamos de la gesti\u00f3n integral de la limpieza de paneles solares para clientes de todos los tama\u00f1os, desde instalaciones residenciales hasta grandes proyectos industriales. Nuestros servicios abarcan todo el proceso, garantizando una eficiente captaci\u00f3n de energ\u00eda solar y el rendimiento \u00f3ptimo de tus sistemas fotovoltaicos. Trabajos realizados","_links":{"self":[{"href":"https:\/\/geoassist.com.ar\/index.php\/wp-json\/wp\/v2\/pages\/1751","targetHints":{"allow":["GET"]}}],"collection":[{"href":"https:\/\/geoassist.com.ar\/index.php\/wp-json\/wp\/v2\/pages"}],"about":[{"href":"https:\/\/geoassist.com.ar\/index.php\/wp-json\/wp\/v2\/types\/page"}],"author":[{"embeddable":true,"href":"https:\/\/geoassist.com.ar\/index.php\/wp-json\/wp\/v2\/users\/1"}],"replies":[{"embeddable":true,"href":"https:\/\/geoassist.com.ar\/index.php\/wp-json\/wp\/v2\/comments?post=1751"}],"version-history":[{"count":18,"href":"https:\/\/geoassist.com.ar\/index.php\/wp-json\/wp\/v2\/pages\/1751\/revisions"}],"predecessor-version":[{"id":2019,"href":"https:\/\/geoassist.com.ar\/index.php\/wp-json\/wp\/v2\/pages\/1751\/revisions\/2019"}],"up":[{"embeddable":true,"href":"https:\/\/geoassist.com.ar\/index.php\/wp-json\/wp\/v2\/pages\/497"}],"wp:attachment":[{"href":"https:\/\/geoassist.com.ar\/index.php\/wp-json\/wp\/v2\/media?parent=1751"}],"curies":[{"name":"wp","href":"https:\/\/api.w.org\/{rel}","templated":true}]}}