{"id":1744,"date":"2023-04-17T16:10:56","date_gmt":"2023-04-17T19:10:56","guid":{"rendered":"https:\/\/geoassist.com.ar\/index.php\/servicios\/gestion-de-residuos-peligrosos\/"},"modified":"2024-05-02T12:28:09","modified_gmt":"2024-05-02T15:28:09","slug":"descontaminacion-asbesto","status":"publish","type":"page","link":"https:\/\/geoassist.com.ar\/index.php\/servicios\/descontaminacion-asbesto\/","title":{"rendered":"Descontaminaci\u00f3n de asbesto"},"content":{"rendered":"\n<div class=\"wp-block-uagb-container uagb-block-249d910c alignfull uagb-is-root-container\">\n<div class=\"wp-block-uagb-advanced-heading uagb-block-5f2d145e\"><h2 class=\"uagb-heading-text\">Descontaminaci\u00f3n Asbesto<\/h2><\/div>\n<\/div>\n\n\n\n<div class=\"wp-block-uagb-container uagb-block-f7711208 alignfull uagb-is-root-container\"><div class=\"uagb-container-inner-blocks-wrap\">\n<div class=\"wp-block-uagb-container uagb-block-86c60ed4\">\n<div class=\"wp-block-uagb-advanced-heading uagb-block-03f4efe0\"><h3 class=\"uagb-heading-text\">Acerca de <\/h3><\/div>\n\n\n\n<div class=\"wp-block-uagb-info-box uagb-block-40b56d32 uagb-infobox__content-wrap  uagb-infobox-icon-above-title uagb-infobox-image-valign-top\"><div class=\"uagb-ifb-content\"><div class=\"uagb-ifb-title-wrap\"><h2 class=\"uagb-ifb-title\">REMOCI\u00d3N DE ASBESTO\/AMIANTO<\/h2><\/div><p class=\"uagb-ifb-desc\">Contamos con una amplia trayectoria en remoci\u00f3n y descontaminaci\u00f3n de asbesto\/amianto. Realizamos mediciones de aire para detectar la presencia del residuo peligroso bajo la norma NIOSH 7400. Nuestro personal est\u00e1 altamente capacitado para realizar las tareas de descontaminaci\u00f3n y saneamiento ambiental. Presentamos al cliente un cronograma y memoria t\u00e9cnica para realizar las tareas respectivas a la mitigaci\u00f3n.<br><br>Brindamos asesoramiento sobre la manipulaci\u00f3n del residuo mediante relevamiento y presentaci\u00f3n de proyecto basados en mediciones y estudios ambientales realizados. Asegur\u00e1ndonos que el material ser\u00e1 retirado seg\u00fan las normas y de modo seguro.<br><\/p><\/div><\/div>\n\n\n\n<div class=\"wp-block-uagb-info-box uagb-block-e7f327d8 uagb-infobox__content-wrap  uagb-infobox-icon-left uagb-infobox-left uagb-infobox-image-valign-top\"><div class=\"uagb-ifb-icon-wrap\"><div class=\"uagb-iconbox-icon-wrap uagb-infobox-shape-circle\"><svg xmlns=\"https:\/\/www.w3.org\/2000\/svg\" viewBox=\"0 0 448 512\"><path d=\"M438.6 278.6l-160 160C272.4 444.9 264.2 448 256 448s-16.38-3.125-22.62-9.375c-12.5-12.5-12.5-32.75 0-45.25L338.8 288H32C14.33 288 .0016 273.7 .0016 256S14.33 224 32 224h306.8l-105.4-105.4c-12.5-12.5-12.5-32.75 0-45.25s32.75-12.5 45.25 0l160 160C451.1 245.9 451.1 266.1 438.6 278.6z\"><\/path><\/svg><\/div><\/div><div class=\"uagb-ifb-content\"><div class=\"uagb-ifb-title-wrap\"><h3 class=\"uagb-ifb-title\">Relevamiento y gesti\u00f3n<\/h3><\/div><p class=\"uagb-ifb-desc\">Realizamos una memoria t\u00e9cnica de los trabajos a realizar con fotografias y adjunto su protocolo<br>correspondiente validando la presencia de asbestos. Se le entrega al cliente un presupuesto detallando<br>las operatorias.<\/p><\/div><\/div>\n<\/div>\n\n\n\n<div class=\"wp-block-uagb-container uagb-block-89b27839\">\n<div class=\"wp-block-uagb-info-box uagb-block-4974d778 uagb-infobox__content-wrap  uagb-infobox-icon-left uagb-infobox-left uagb-infobox-image-valign-top\"><div class=\"uagb-ifb-icon-wrap\"><div class=\"uagb-iconbox-icon-wrap uagb-infobox-shape-circle\"><svg xmlns=\"https:\/\/www.w3.org\/2000\/svg\" viewBox=\"0 0 448 512\"><path d=\"M438.6 278.6l-160 160C272.4 444.9 264.2 448 256 448s-16.38-3.125-22.62-9.375c-12.5-12.5-12.5-32.75 0-45.25L338.8 288H32C14.33 288 .0016 273.7 .0016 256S14.33 224 32 224h306.8l-105.4-105.4c-12.5-12.5-12.5-32.75 0-45.25s32.75-12.5 45.25 0l160 160C451.1 245.9 451.1 266.1 438.6 278.6z\"><\/path><\/svg><\/div><\/div><div class=\"uagb-ifb-content\"><div class=\"uagb-ifb-title-wrap\"><h3 class=\"uagb-ifb-title\">Remoci\u00f3n y toma de muestra<\/h3><\/div><p class=\"uagb-ifb-desc\">Aprobado el expedientese inician las tareas de remoci\u00f3n in situ seg\u00fan la normativa vigente cuidando la salud del personal y el cliente. Contamos con equipos aprobados por las entidades ambientales. Se realizar\u00e1n tomas de<br>muestra al inicio, mitad y finalizaci\u00f3n de los trabajos demostrando presencia de asbesto y posterior eliminaci\u00f3n. Contamos con servicio de reposici\u00f3n del material remocionado.<\/p><\/div><\/div>\n\n\n\n<div class=\"wp-block-uagb-info-box uagb-block-d5135344 uagb-infobox__content-wrap  uagb-infobox-icon-left uagb-infobox-left uagb-infobox-image-valign-top\"><div class=\"uagb-ifb-icon-wrap\"><div class=\"uagb-iconbox-icon-wrap uagb-infobox-shape-circle\"><svg xmlns=\"https:\/\/www.w3.org\/2000\/svg\" viewBox=\"0 0 448 512\"><path d=\"M438.6 278.6l-160 160C272.4 444.9 264.2 448 256 448s-16.38-3.125-22.62-9.375c-12.5-12.5-12.5-32.75 0-45.25L338.8 288H32C14.33 288 .0016 273.7 .0016 256S14.33 224 32 224h306.8l-105.4-105.4c-12.5-12.5-12.5-32.75 0-45.25s32.75-12.5 45.25 0l160 160C451.1 245.9 451.1 266.1 438.6 278.6z\"><\/path><\/svg><\/div><\/div><div class=\"uagb-ifb-content\"><div class=\"uagb-ifb-title-wrap\"><h3 class=\"uagb-ifb-title\">Transporte y disposici\u00f3n final<\/h3><\/div><p class=\"uagb-ifb-desc\">Realizamos transporte y disposici\u00f3n final de los residuos peligrosos habilitados por el Organismo Gubernamental competente, luego de su destrucci\u00f3n la planta tratadora enviar\u00e1 el Certificado correspondiente de los residuos tratados. Se entregar\u00e1 al cliente el cierre del expediente, informe final, manifiesto, y certificado de destrucci\u00f3n de los residuos generados.<\/p><\/div><\/div>\n<\/div>\n<\/div><\/div>\n\n\n\n<div class=\"wp-block-uagb-container uagb-block-9d07d522 alignfull uagb-is-root-container\"><div class=\"uagb-container-inner-blocks-wrap\">\n<div class=\"wp-block-uagb-container uagb-block-1e4a2202\">\n<div class=\"wp-block-uagb-advanced-heading uagb-block-2d867dcd\"><h2 class=\"uagb-heading-text\">TRATAMIENTO DE ASBESTO<\/h2><p class=\"uagb-desc-text\">Ofrecemos gestion integral de residuos en grandes, medianas y peque\u00f1as industrias, incluyendo la recolecci\u00f3n, traslado y disposici\u00f3n.<\/p><\/div>\n\n\n\n<div class=\"wp-block-uagb-icon-list uagb-block-bf346c76\"><div class=\"uagb-icon-list__wrap\">\n<div class=\"wp-block-uagb-icon-list-child uagb-block-522705a2\"><span class=\"uagb-icon-list__source-wrap\"><svg xmlns=\"https:\/\/www.w3.org\/2000\/svg\" viewBox=\"0 0 512 512\"><path d=\"M256 0C114.6 0 0 114.6 0 256c0 141.4 114.6 256 256 256s256-114.6 256-256C512 114.6 397.4 0 256 0zM406.6 278.6l-103.1 103.1c-12.5 12.5-32.75 12.5-45.25 0s-12.5-32.75 0-45.25L306.8 288H128C110.3 288 96 273.7 96 256s14.31-32 32-32h178.8l-49.38-49.38c-12.5-12.5-12.5-32.75 0-45.25s32.75-12.5 45.25 0l103.1 103.1C414.6 241.3 416 251.1 416 256C416 260.9 414.6 270.7 406.6 278.6z\"><\/path><\/svg><\/span><span class=\"uagb-icon-list__label\">Relevamiento y toma de muestra <\/span><\/div>\n\n\n\n<div class=\"wp-block-uagb-icon-list-child uagb-block-cc769f20\"><span class=\"uagb-icon-list__source-wrap\"><svg xmlns=\"https:\/\/www.w3.org\/2000\/svg\" viewBox=\"0 0 512 512\"><path d=\"M256 0C114.6 0 0 114.6 0 256c0 141.4 114.6 256 256 256s256-114.6 256-256C512 114.6 397.4 0 256 0zM406.6 278.6l-103.1 103.1c-12.5 12.5-32.75 12.5-45.25 0s-12.5-32.75 0-45.25L306.8 288H128C110.3 288 96 273.7 96 256s14.31-32 32-32h178.8l-49.38-49.38c-12.5-12.5-12.5-32.75 0-45.25s32.75-12.5 45.25 0l103.1 103.1C414.6 241.3 416 251.1 416 256C416 260.9 414.6 270.7 406.6 278.6z\"><\/path><\/svg><\/span><span class=\"uagb-icon-list__label\">Armado del equipamiento<\/span><\/div>\n\n\n\n<div class=\"wp-block-uagb-icon-list-child uagb-block-f1896f25\"><span class=\"uagb-icon-list__source-wrap\"><svg xmlns=\"https:\/\/www.w3.org\/2000\/svg\" viewBox=\"0 0 512 512\"><path d=\"M256 0C114.6 0 0 114.6 0 256c0 141.4 114.6 256 256 256s256-114.6 256-256C512 114.6 397.4 0 256 0zM406.6 278.6l-103.1 103.1c-12.5 12.5-32.75 12.5-45.25 0s-12.5-32.75 0-45.25L306.8 288H128C110.3 288 96 273.7 96 256s14.31-32 32-32h178.8l-49.38-49.38c-12.5-12.5-12.5-32.75 0-45.25s32.75-12.5 45.25 0l103.1 103.1C414.6 241.3 416 251.1 416 256C416 260.9 414.6 270.7 406.6 278.6z\"><\/path><\/svg><\/span><span class=\"uagb-icon-list__label\">Descontaminaci\u00f3n y toma de muestra en ejecuci\u00f3n.<\/span><\/div>\n\n\n\n<div class=\"wp-block-uagb-icon-list-child uagb-block-18030b88\"><span class=\"uagb-icon-list__source-wrap\"><svg xmlns=\"https:\/\/www.w3.org\/2000\/svg\" viewBox=\"0 0 512 512\"><path d=\"M256 0C114.6 0 0 114.6 0 256c0 141.4 114.6 256 256 256s256-114.6 256-256C512 114.6 397.4 0 256 0zM406.6 278.6l-103.1 103.1c-12.5 12.5-32.75 12.5-45.25 0s-12.5-32.75 0-45.25L306.8 288H128C110.3 288 96 273.7 96 256s14.31-32 32-32h178.8l-49.38-49.38c-12.5-12.5-12.5-32.75 0-45.25s32.75-12.5 45.25 0l103.1 103.1C414.6 241.3 416 251.1 416 256C416 260.9 414.6 270.7 406.6 278.6z\"><\/path><\/svg><\/span><span class=\"uagb-icon-list__label\">Transporte y disposici\u00f3n final de los residuos<\/span><\/div>\n<\/div><\/div>\n<\/div>\n\n\n\n<div class=\"wp-block-uagb-container uagb-block-8de463df\">\n<div class=\"wp-block-uagb-image aligncenter uagb-block-33d7e260 wp-block-uagb-image--layout-default wp-block-uagb-image--effect-zoomin wp-block-uagb-image--align-center\"><figure class=\"wp-block-uagb-image__figure\"><img decoding=\"async\" srcset=\"https:\/\/geoassist.com.ar\/wp-content\/uploads\/2024\/01\/DSC07934-1024x576.jpg ,https:\/\/geoassist.com.ar\/wp-content\/uploads\/2024\/01\/DSC07934.jpg 780w, https:\/\/geoassist.com.ar\/wp-content\/uploads\/2024\/01\/DSC07934.jpg 360w\" sizes=\"auto, (max-width: 480px) 150px\" src=\"https:\/\/geoassist.com.ar\/wp-content\/uploads\/2024\/01\/DSC07934-1024x576.jpg\" alt=\"\" class=\"uag-image-2020\" width=\"1024\" height=\"576\" title=\"\" loading=\"lazy\" role=\"img\"\/><\/figure><\/div>\n<\/div>\n<\/div><\/div>\n\n\n\n<div class=\"wp-block-uagb-container uagb-block-55d747dd alignfull uagb-is-root-container\"><div class=\"uagb-container-inner-blocks-wrap\">\n<div class=\"wp-block-uagb-advanced-heading uagb-block-f8dcce20\"><h2 class=\"uagb-heading-text\">This is a Secondary Heading<\/h2><\/div>\n\n\n\n<div class=\"wp-block-uagb-container uagb-block-620c30f1\">\n<div class=\"wp-block-uagb-container uagb-block-0ecad539\">\n<div class=\"wp-block-uagb-image uagb-block-8cb60eb2 wp-block-uagb-image--layout-default wp-block-uagb-image--effect-static wp-block-uagb-image--align-none animated slideInLeft\"><figure class=\"wp-block-uagb-image__figure\"><img decoding=\"async\" srcset=\"https:\/\/geoassist.com.ar\/wp-content\/uploads\/2024\/01\/WhatsApp-Image-2019-09-05-at-15.00.34-2-edited.jpeg ,https:\/\/geoassist.com.ar\/wp-content\/uploads\/2024\/01\/WhatsApp-Image-2019-09-05-at-15.00.34-2.jpeg 780w, https:\/\/geoassist.com.ar\/wp-content\/uploads\/2024\/01\/WhatsApp-Image-2019-09-05-at-15.00.34-2.jpeg 360w\" sizes=\"auto, (max-width: 480px) 150px\" src=\"https:\/\/geoassist.com.ar\/wp-content\/uploads\/2024\/01\/WhatsApp-Image-2019-09-05-at-15.00.34-2-edited.jpeg\" alt=\"\" class=\"uag-image-2024\" width=\"1024\" height=\"1024\" title=\"\" loading=\"lazy\" role=\"img\"\/><\/figure><\/div>\n<\/div>\n\n\n\n<div class=\"wp-block-uagb-container uagb-block-48540dd3\">\n<div class=\"wp-block-uagb-container uagb-block-805fb246\">\n<div class=\"wp-block-uagb-container uagb-block-530c2d44\">\n<div class=\"wp-block-uagb-image uagb-block-90be00b9 wp-block-uagb-image--layout-default wp-block-uagb-image--effect-static wp-block-uagb-image--align-none animated slideInDown\"><figure class=\"wp-block-uagb-image__figure\"><img decoding=\"async\" srcset=\"https:\/\/geoassist.com.ar\/wp-content\/uploads\/2024\/01\/WhatsApp-Image-2019-09-04-at-10.13.58-1-edited.jpeg ,https:\/\/geoassist.com.ar\/wp-content\/uploads\/2024\/01\/WhatsApp-Image-2019-09-04-at-10.13.58-1.jpeg 780w, https:\/\/geoassist.com.ar\/wp-content\/uploads\/2024\/01\/WhatsApp-Image-2019-09-04-at-10.13.58-1.jpeg 360w\" sizes=\"auto, (max-width: 480px) 150px\" src=\"https:\/\/geoassist.com.ar\/wp-content\/uploads\/2024\/01\/WhatsApp-Image-2019-09-04-at-10.13.58-1-edited.jpeg\" alt=\"\" class=\"uag-image-2026\" width=\"500\" height=\"500\" title=\"\" loading=\"lazy\" role=\"img\"\/><\/figure><\/div>\n<\/div>\n\n\n\n<div class=\"wp-block-uagb-container uagb-block-e26f0123\">\n<div class=\"wp-block-uagb-image uagb-block-81bedd2a wp-block-uagb-image--layout-default wp-block-uagb-image--effect-static wp-block-uagb-image--align-none animated slideInRight\"><figure class=\"wp-block-uagb-image__figure\"><img decoding=\"async\" srcset=\"https:\/\/geoassist.com.ar\/wp-content\/uploads\/2024\/01\/9e19fa54-9002-4d70-8006-5f855f04ba9c-edited.jpg ,https:\/\/geoassist.com.ar\/wp-content\/uploads\/2024\/01\/9e19fa54-9002-4d70-8006-5f855f04ba9c.jpg 780w, https:\/\/geoassist.com.ar\/wp-content\/uploads\/2024\/01\/9e19fa54-9002-4d70-8006-5f855f04ba9c.jpg 360w\" sizes=\"auto, (max-width: 480px) 150px\" src=\"https:\/\/geoassist.com.ar\/wp-content\/uploads\/2024\/01\/9e19fa54-9002-4d70-8006-5f855f04ba9c-edited.jpg\" alt=\"\" class=\"uag-image-2028\" width=\"500\" height=\"500\" title=\"\" loading=\"lazy\" role=\"img\"\/><\/figure><\/div>\n<\/div>\n<\/div>\n\n\n\n<div class=\"wp-block-uagb-container uagb-block-1050bb9e\">\n<div class=\"wp-block-uagb-container uagb-block-b1de5513\">\n<div class=\"wp-block-uagb-image uagb-block-bf334e62 wp-block-uagb-image--layout-default wp-block-uagb-image--effect-static wp-block-uagb-image--align-none animated slideInUp\"><figure class=\"wp-block-uagb-image__figure\"><img decoding=\"async\" srcset=\"https:\/\/geoassist.com.ar\/wp-content\/uploads\/2023\/04\/placeholder2-dark.jpg \" sizes=\"auto, (max-width: 480px) 150px\" src=\"https:\/\/geoassist.com.ar\/wp-content\/uploads\/2023\/04\/placeholder2-dark.jpg\" alt=\"\" class=\"uag-image-69173\" width=\"500\" height=\"500\" title=\"\" loading=\"lazy\" role=\"img\"\/><\/figure><\/div>\n<\/div>\n\n\n\n<div class=\"wp-block-uagb-container uagb-block-61d0cd3d\">\n<div class=\"wp-block-uagb-image uagb-block-1fff17b4 wp-block-uagb-image--layout-default wp-block-uagb-image--effect-static wp-block-uagb-image--align-none animated slideInRight\"><figure class=\"wp-block-uagb-image__figure\"><img decoding=\"async\" srcset=\"https:\/\/geoassist.com.ar\/wp-content\/uploads\/2023\/04\/placeholder2-dark.jpg \" sizes=\"auto, (max-width: 480px) 150px\" src=\"https:\/\/geoassist.com.ar\/wp-content\/uploads\/2023\/04\/placeholder2-dark.jpg\" alt=\"\" class=\"uag-image-69173\" width=\"500\" height=\"500\" title=\"\" loading=\"lazy\" role=\"img\"\/><\/figure><\/div>\n<\/div>\n<\/div>\n<\/div>\n<\/div>\n<\/div><\/div>\n","protected":false},"excerpt":{"rendered":"<p>Descontaminaci\u00f3n Asbesto Acerca de TRATAMIENTO DE ASBESTO Ofrecemos gestion integral de residuos en grandes, medianas y peque\u00f1as industrias, incluyendo la recolecci\u00f3n, traslado y disposici\u00f3n. This is a Secondary Heading<\/p>\n","protected":false},"author":1,"featured_media":0,"parent":497,"menu_order":2,"comment_status":"closed","ping_status":"closed","template":"","meta":{"om_disable_all_campaigns":false,"_eb_attr":"","_uag_custom_page_level_css":"","_monsterinsights_skip_tracking":false,"_monsterinsights_sitenote_active":false,"_monsterinsights_sitenote_note":"","_monsterinsights_sitenote_category":0,"site-sidebar-layout":"default","site-content-layout":"","ast-site-content-layout":"default","site-content-style":"default","site-sidebar-style":"default","ast-global-header-display":"","ast-banner-title-visibility":"","ast-main-header-display":"","ast-hfb-above-header-display":"","ast-hfb-below-header-display":"","ast-hfb-mobile-header-display":"","site-post-title":"disabled","ast-breadcrumbs-content":"","ast-featured-img":"","footer-sml-layout":"","theme-transparent-header-meta":"","adv-header-id-meta":"","stick-header-meta":"","header-above-stick-meta":"","header-main-stick-meta":"","header-below-stick-meta":"","astra-migrate-meta-layouts":"default","ast-page-background-enabled":"default","ast-page-background-meta":{"desktop":{"background-color":"var(--ast-global-color-4)","background-image":"","background-repeat":"repeat","background-position":"center center","background-size":"auto","background-attachment":"scroll","background-type":"","background-media":"","overlay-type":"","overlay-color":"","overlay-opacity":"","overlay-gradient":""},"tablet":{"background-color":"","background-image":"","background-repeat":"repeat","background-position":"center center","background-size":"auto","background-attachment":"scroll","background-type":"","background-media":"","overlay-type":"","overlay-color":"","overlay-opacity":"","overlay-gradient":""},"mobile":{"background-color":"","background-image":"","background-repeat":"repeat","background-position":"center center","background-size":"auto","background-attachment":"scroll","background-type":"","background-media":"","overlay-type":"","overlay-color":"","overlay-opacity":"","overlay-gradient":""}},"ast-content-background-meta":{"desktop":{"background-color":"var(--ast-global-color-5)","background-image":"","background-repeat":"repeat","background-position":"center center","background-size":"auto","background-attachment":"scroll","background-type":"","background-media":"","overlay-type":"","overlay-color":"","overlay-opacity":"","overlay-gradient":""},"tablet":{"background-color":"var(--ast-global-color-5)","background-image":"","background-repeat":"repeat","background-position":"center center","background-size":"auto","background-attachment":"scroll","background-type":"","background-media":"","overlay-type":"","overlay-color":"","overlay-opacity":"","overlay-gradient":""},"mobile":{"background-color":"var(--ast-global-color-5)","background-image":"","background-repeat":"repeat","background-position":"center center","background-size":"auto","background-attachment":"scroll","background-type":"","background-media":"","overlay-type":"","overlay-color":"","overlay-opacity":"","overlay-gradient":""}},"footnotes":""},"class_list":["post-1744","page","type-page","status-publish","hentry"],"aioseo_notices":[],"uagb_featured_image_src":{"full":false,"thumbnail":false,"medium":false,"medium_large":false,"large":false,"1536x1536":false,"2048x2048":false},"uagb_author_info":{"display_name":"micaruiz92","author_link":"https:\/\/geoassist.com.ar\/index.php\/author\/micaruiz92\/"},"uagb_comment_info":0,"uagb_excerpt":"Descontaminaci\u00f3n Asbesto Acerca de TRATAMIENTO DE ASBESTO Ofrecemos gestion integral de residuos en grandes, medianas y peque\u00f1as industrias, incluyendo la recolecci\u00f3n, traslado y disposici\u00f3n. This is a Secondary Heading","_links":{"self":[{"href":"https:\/\/geoassist.com.ar\/index.php\/wp-json\/wp\/v2\/pages\/1744","targetHints":{"allow":["GET"]}}],"collection":[{"href":"https:\/\/geoassist.com.ar\/index.php\/wp-json\/wp\/v2\/pages"}],"about":[{"href":"https:\/\/geoassist.com.ar\/index.php\/wp-json\/wp\/v2\/types\/page"}],"author":[{"embeddable":true,"href":"https:\/\/geoassist.com.ar\/index.php\/wp-json\/wp\/v2\/users\/1"}],"replies":[{"embeddable":true,"href":"https:\/\/geoassist.com.ar\/index.php\/wp-json\/wp\/v2\/comments?post=1744"}],"version-history":[{"count":19,"href":"https:\/\/geoassist.com.ar\/index.php\/wp-json\/wp\/v2\/pages\/1744\/revisions"}],"predecessor-version":[{"id":2133,"href":"https:\/\/geoassist.com.ar\/index.php\/wp-json\/wp\/v2\/pages\/1744\/revisions\/2133"}],"up":[{"embeddable":true,"href":"https:\/\/geoassist.com.ar\/index.php\/wp-json\/wp\/v2\/pages\/497"}],"wp:attachment":[{"href":"https:\/\/geoassist.com.ar\/index.php\/wp-json\/wp\/v2\/media?parent=1744"}],"curies":[{"name":"wp","href":"https:\/\/api.w.org\/{rel}","templated":true}]}}